{"id":16665,"date":"2025-03-01T17:09:45","date_gmt":"2025-03-01T17:09:45","guid":{"rendered":"https:\/\/1milyonpirtuk.com\/pirtuk\/appendiabiti\/"},"modified":"2025-03-11T01:42:48","modified_gmt":"2025-03-11T01:42:48","slug":"appendiabiti","status":"publish","type":"product","link":"https:\/\/1milyonpirtuk.com\/it\/pirtuk\/appendiabiti\/","title":{"rendered":"Appendiabiti"},"content":{"rendered":"\t\t<div data-elementor-type=\"wp-post\" data-elementor-id=\"16665\" class=\"elementor elementor-16665 elementor-10896\">\n\t\t\t\t<div class=\"wd-negative-gap elementor-element elementor-element-7ba9d2f e-flex e-con-boxed e-con e-parent\" data-id=\"7ba9d2f\" data-element_type=\"container\">\n\t\t\t\t\t<div class=\"e-con-inner\">\n\t\t\t\t<div class=\"elementor-element elementor-element-2ae88013 wd-width-100 elementor-widget elementor-widget-wd_title\" data-id=\"2ae88013\" data-element_type=\"widget\" data-widget_type=\"wd_title.default\">\n\t\t\t\t<div class=\"elementor-widget-container\">\n\t\t\t\t\t\t\t<div class=\"title-wrapper wd-set-mb reset-last-child wd-title-color-default wd-title-style-default wd-title-size-default text-center\">\n\n\t\t\t\n\t\t\t<div class=\"liner-continer\">\n\t\t\t\t<h4 class=\"woodmart-title-container title wd-fontsize-l\">Repertuara Stranb\u00eaj\u00eey\u00ea<\/h4> \n\t\t\t\t\t\t\t<\/div>\n\n\t\t\t\t\t\t\t<div class=\"title-after_title reset-last-child wd-fontsize-xs\">\n\t\t\t\t\t<p>Milyonek Pirt\u00fbk Milyonek Zarok<\/p>\t\t\t\t<\/div>\n\t\t\t\t\t<\/div>\n\t\t\t\t\t\t<\/div>\n\t\t\t\t<\/div>\n\t\t\t\t<div class=\"elementor-element elementor-element-1d815ae2 elementor-widget elementor-widget-wd_image_or_svg\" data-id=\"1d815ae2\" data-element_type=\"widget\" data-widget_type=\"wd_image_or_svg.default\">\n\t\t\t\t<div class=\"elementor-widget-container\">\n\t\t\t\t\t\n\t\t<div class=\"wd-image text-center\">\n\t\t\t\t\t\t\t\t<img fetchpriority=\"high\" decoding=\"async\" width=\"2646\" height=\"3780\" src=\"https:\/\/1milyonpirtuk.com\/wp-content\/uploads\/2025\/02\/1.png\" class=\"attachment-full size-full\" alt=\"\" srcset=\"https:\/\/1milyonpirtuk.com\/wp-content\/uploads\/2025\/02\/1.png 2646w, https:\/\/1milyonpirtuk.com\/wp-content\/uploads\/2025\/02\/1-210x300.png 210w, https:\/\/1milyonpirtuk.com\/wp-content\/uploads\/2025\/02\/1-717x1024.png 717w, https:\/\/1milyonpirtuk.com\/wp-content\/uploads\/2025\/02\/1-768x1097.png 768w, https:\/\/1milyonpirtuk.com\/wp-content\/uploads\/2025\/02\/1-1075x1536.png 1075w, https:\/\/1milyonpirtuk.com\/wp-content\/uploads\/2025\/02\/1-1434x2048.png 1434w, https:\/\/1milyonpirtuk.com\/wp-content\/uploads\/2025\/02\/1-1200x1714.png 1200w, https:\/\/1milyonpirtuk.com\/wp-content\/uploads\/2025\/02\/1-150x214.png 150w\" sizes=\"(max-width: 2646px) 100vw, 2646px\" \/>\t\t\t\t\t<\/div>\n\n\t\t\t\t\t\t<\/div>\n\t\t\t\t<\/div>\n\t\t\t\t\t<\/div>\n\t\t\t\t<\/div>\n\t\t<div class=\"wd-negative-gap elementor-element elementor-element-3c4600f6 e-flex e-con-boxed e-con e-parent\" data-id=\"3c4600f6\" data-element_type=\"container\">\n\t\t\t\t\t<div class=\"e-con-inner\">\n\t\t\t\t<div class=\"elementor-element elementor-element-61255d5a elementor-widget elementor-widget-wd_text_block\" data-id=\"61255d5a\" data-element_type=\"widget\" data-widget_type=\"wd_text_block.default\">\n\t\t\t\t<div class=\"elementor-widget-container\">\n\t\t\t\t\t\t\t<div class=\"wd-text-block reset-last-child text-left\">\n\t\t\t\n\t\t\t<p><span style=\"color: #000000;\">Millionek Pirt\u00fbk<\/span><\/p><p><span style=\"color: #000000;\">Millionek Zarok<\/span><\/p><ul><li><span style=\"color: #000000;\">Ji bo ku stran\u00ean Kurd\u00ee \u015fevbih\u00eark\u00ean we ge\u015f bikin,<\/span><\/li><li><span style=\"color: #000000;\">Ji bo ku zarok\u00ean wel\u00eat bi ziman\u00ea xwe y\u00ea zikmak\u00ee, bi stran\u00ean Kurd\u00ee mezin bibin,<\/span><\/li><li><span style=\"color: #000000;\">La mia campagna 'Milyonek Pirt\u00fbk, Milyonek Zarok' daye destekp\u00eakirin.<\/span><\/li><li><span style=\"color: #000000;\">H\u00fbn bixwazin pirt\u00fbk\u00ea ji xwe re bist\u00eenin, em \u00ea ji we re bi\u015f\u00eenin.<\/span><\/li><li><span style=\"color: #000000;\">Ku h\u00fbn bixwazin pirt\u00fbk bigih\u00eaje zarok\u00ean wel\u00eat \u00ean k\u00eamderfet, h\u00fbn pirt\u00fbkan bist\u00eeninin em \u00ea j\u00ee der\u00ee bi der\u00ee li zarok\u00ean wel\u00eat belav bikin.<\/span><\/li><li><span style=\"color: #000000;\">Pirt\u00fbk ji we, ji bo zarokan gihandina pirt\u00fbkan ji me.<\/span><\/li><\/ul><p><span style=\"color: #000000;\">Di pirt\u00fbk\u00ea de 110 heb stran hene.<\/span><\/p><p><span style=\"color: #000000;\">50 heb stran\u00ean zarokan,<\/span><\/p><p><span style=\"color: #000000;\">60 heb stran\u00ean gel\u00ear\u00ee ne,<\/span><\/p><p><span style=\"color: #000000;\">Ji bo every stranek\u00ea QR code heye ku h\u00fbn kar\u00eebin li stranan guhdar\u00ee bikin.<\/span><\/p><p><span style=\"color: #000000;\">Hem\u00fb stran tev\u00ee peyv \u00fb notay\u00ean xwe di pirt\u00fbk\u00ea de c\u00ee digirin.<\/span><\/p>\n\t\t\t\t\t<\/div>\n\t\t\t\t\t\t<\/div>\n\t\t\t\t<\/div>\n\t\t\t\t\t<\/div>\n\t\t\t\t<\/div>\n\t\t\t\t<\/div>\n\t\t","protected":false},"excerpt":{"rendered":"<p>Repertuara Stranb\u00eaj\u00eey\u00ea Milyonek Pirt\u00fbk Milyonek Zarok Millionek Pirt\u00fbk Millionek Zarok Ji bo ku stran\u00ean Kurd\u00ee \u015fevbih\u00eark\u00ean we ge\u015f bikin, Ji<\/p>\n","protected":false},"featured_media":12285,"comment_status":"open","ping_status":"closed","template":"","meta":[],"product_brand":[123],"product_cat":[202],"product_tag":[],"class_list":{"0":"post-16665","1":"product","2":"type-product","3":"status-publish","4":"has-post-thumbnail","6":"product_brand-zarok-ma","7":"product_cat-generale","8":"product_shipping_class-askida-it","10":"first","11":"instock","12":"taxable","13":"shipping-taxable","14":"purchasable","15":"product-type-simple"},"_links":{"self":[{"href":"https:\/\/1milyonpirtuk.com\/it\/wp-json\/wp\/v2\/product\/16665","targetHints":{"allow":["GET"]}}],"collection":[{"href":"https:\/\/1milyonpirtuk.com\/it\/wp-json\/wp\/v2\/product"}],"about":[{"href":"https:\/\/1milyonpirtuk.com\/it\/wp-json\/wp\/v2\/types\/product"}],"replies":[{"embeddable":true,"href":"https:\/\/1milyonpirtuk.com\/it\/wp-json\/wp\/v2\/comments?post=16665"}],"version-history":[{"count":1,"href":"https:\/\/1milyonpirtuk.com\/it\/wp-json\/wp\/v2\/product\/16665\/revisions"}],"predecessor-version":[{"id":16668,"href":"https:\/\/1milyonpirtuk.com\/it\/wp-json\/wp\/v2\/product\/16665\/revisions\/16668"}],"wp:featuredmedia":[{"embeddable":true,"href":"https:\/\/1milyonpirtuk.com\/it\/wp-json\/wp\/v2\/media\/12285"}],"wp:attachment":[{"href":"https:\/\/1milyonpirtuk.com\/it\/wp-json\/wp\/v2\/media?parent=16665"}],"wp:term":[{"taxonomy":"product_brand","embeddable":true,"href":"https:\/\/1milyonpirtuk.com\/it\/wp-json\/wp\/v2\/product_brand?post=16665"},{"taxonomy":"product_cat","embeddable":true,"href":"https:\/\/1milyonpirtuk.com\/it\/wp-json\/wp\/v2\/product_cat?post=16665"},{"taxonomy":"product_tag","embeddable":true,"href":"https:\/\/1milyonpirtuk.com\/it\/wp-json\/wp\/v2\/product_tag?post=16665"}],"curies":[{"name":"wp","href":"https:\/\/api.w.org\/{rel}","templated":true}]}}