{"id":16658,"date":"2022-12-09T13:23:19","date_gmt":"2022-12-09T13:23:19","guid":{"rendered":"https:\/\/1milyonpirtuk.com\/pirtuk\/stranbejiye-repertuware\/"},"modified":"2025-03-11T13:37:39","modified_gmt":"2025-03-11T13:37:39","slug":"repertuara-stranbejiye","status":"publish","type":"product","link":"https:\/\/1milyonpirtuk.com\/ku\/pirtuk\/repertuara-stranbejiye\/","title":{"rendered":"Repertuara Stranb\u00eaj\u00eey\u00ea"},"content":{"rendered":"\t\t<div data-elementor-type=\"wp-post\" data-elementor-id=\"16658\" class=\"elementor elementor-16658 elementor-1312\">\n\t\t\t\t<div class=\"wd-negative-gap elementor-element elementor-element-7ba9d2f e-flex e-con-boxed e-con e-parent\" data-id=\"7ba9d2f\" data-element_type=\"container\">\n\t\t\t\t\t<div class=\"e-con-inner\">\n\t\t\t\t<div class=\"elementor-element elementor-element-2ae88013 wd-width-100 elementor-widget elementor-widget-wd_title\" data-id=\"2ae88013\" data-element_type=\"widget\" data-widget_type=\"wd_title.default\">\n\t\t\t\t<div class=\"elementor-widget-container\">\n\t\t\t\t\t\t\t<div class=\"title-wrapper wd-set-mb reset-last-child wd-title-color-default wd-title-style-default wd-title-size-default text-center\">\n\n\t\t\t\n\t\t\t<div class=\"liner-continer\">\n\t\t\t\t<h4 class=\"woodmart-title-container title wd-fontsize-l\">Stranbejiye repertuware<\/h4> \n\t\t\t\t\t\t\t<\/div>\n\n\t\t\t\t\t\t\t<div class=\"title-after_title reset-last-child wd-fontsize-xs\">\n\t\t\t\t\t<p>Milyoner Pirtuk Milyoner Zarok<\/p>\t\t\t\t<\/div>\n\t\t\t\t\t<\/div>\n\t\t\t\t\t\t<\/div>\n\t\t\t\t<\/div>\n\t\t\t\t<div class=\"elementor-element elementor-element-1d815ae2 elementor-widget elementor-widget-wd_image_or_svg\" data-id=\"1d815ae2\" data-element_type=\"widget\" data-widget_type=\"wd_image_or_svg.default\">\n\t\t\t\t<div class=\"elementor-widget-container\">\n\t\t\t\t\t\n\t\t<div class=\"wd-image text-center\">\n\t\t\t\t\t\t\t\t<img fetchpriority=\"high\" decoding=\"async\" width=\"2646\" height=\"3780\" src=\"https:\/\/1milyonpirtuk.com\/wp-content\/uploads\/2025\/02\/1.png\" class=\"attachment-full size-full\" alt=\"\" srcset=\"https:\/\/1milyonpirtuk.com\/wp-content\/uploads\/2025\/02\/1.png 2646w, https:\/\/1milyonpirtuk.com\/wp-content\/uploads\/2025\/02\/1-210x300.png 210w, https:\/\/1milyonpirtuk.com\/wp-content\/uploads\/2025\/02\/1-717x1024.png 717w, https:\/\/1milyonpirtuk.com\/wp-content\/uploads\/2025\/02\/1-768x1097.png 768w, https:\/\/1milyonpirtuk.com\/wp-content\/uploads\/2025\/02\/1-1075x1536.png 1075w, https:\/\/1milyonpirtuk.com\/wp-content\/uploads\/2025\/02\/1-1434x2048.png 1434w, https:\/\/1milyonpirtuk.com\/wp-content\/uploads\/2025\/02\/1-1200x1714.png 1200w, https:\/\/1milyonpirtuk.com\/wp-content\/uploads\/2025\/02\/1-150x214.png 150w\" sizes=\"(max-width: 2646px) 100vw, 2646px\" \/>\t\t\t\t\t<\/div>\n\n\t\t\t\t\t\t<\/div>\n\t\t\t\t<\/div>\n\t\t\t\t\t<\/div>\n\t\t\t\t<\/div>\n\t\t<div class=\"wd-negative-gap elementor-element elementor-element-3c4600f6 e-flex e-con-boxed e-con e-parent\" data-id=\"3c4600f6\" data-element_type=\"container\">\n\t\t\t\t\t<div class=\"e-con-inner\">\n\t\t\t\t<div class=\"elementor-element elementor-element-61255d5a elementor-widget elementor-widget-wd_text_block\" data-id=\"61255d5a\" data-element_type=\"widget\" data-widget_type=\"wd_text_block.default\">\n\t\t\t\t<div class=\"elementor-widget-container\">\n\t\t\t\t\t\t\t<div class=\"wd-text-block reset-last-child text-left\">\n\t\t\t\n\t\t\t<p><span style=\"color: #000000;\">Milyoner Pirtuk<\/span><\/p><p><span style=\"color: #000000;\">Milyoner Zarok<\/span><\/p><ul><li><span style=\"color: #000000;\">Dema tu jineke kurd b\u00ee, bikini \u00fb<\/span><\/li><li><span style=\"color: #000000;\">Dema pir bi\u00e7\u00fbk b\u00fb stranek got, kurdek hat dinyay\u00ea.<\/span><\/li><li><span style=\"color: #000000;\">Pi\u015ftgiriya kampanyaya bi sernav\u00ea 'Milyon Dollar, Million Dollar' bikin.<\/span><\/li><li><span style=\"color: #000000;\">Dema ku te bereketa xwe da me, bila em te j\u00ee ji b\u00eer nekin.<\/span><\/li><li><span style=\"color: #000000;\">Wexta ku we jineke bir\u00eendar an\u00ee dinyay\u00ea, w\u00ea cilek\u00ee sp\u00ee li xwe bike, da ku \u00e7erm\u00ea w\u00ea bi bikiniyek\u00ee sp\u00ee were p\u00ea\u00e7andin.<\/span><\/li><li><span style=\"color: #000000;\">Wexta ku h\u00fbn dest\u00ea xwe bidin me, h\u00fbn \u00ea ji destdana min zirar\u00ea bib\u00eenin.<\/span><\/li><\/ul><p><span style=\"color: #000000;\">Qend\u00eel j\u00ee 110 qat\u00ee dir\u00eaj e.<\/span><\/p><p><span style=\"color: #000000;\">50 heb stran\u00ean zarokan,<\/span><\/p><p><span style=\"color: #000000;\">60 heb stran\u00ean hatina \u00e7i,<\/span><\/p><p><span style=\"color: #000000;\">Ji bo her stranek\u00ea QR koda bi heyecan e ku r\u00fby\u00ea te li stranan guhdar\u00ee bikini.<\/span><\/p><p><span style=\"color: #000000;\">Hem roj \u00fb h\u00eev dibiriqin \u00fb hem j\u00ee roj dibiriqin.<\/span><\/p>\n\t\t\t\t\t<\/div>\n\t\t\t\t\t\t<\/div>\n\t\t\t\t<\/div>\n\t\t\t\t\t<\/div>\n\t\t\t\t<\/div>\n\t\t\t\t<\/div>\n\t\t","protected":false},"excerpt":{"rendered":"<p>Stranbejiye repertuware Milyoner Pirtuk Milyoner Zarok Milyoner Pirtuk Milyoner Zarok Dema tu jineke kurd b\u00ee, bikini \u00fb Dema pir bi\u00e7\u00fbk<\/p>\n","protected":false},"featured_media":12286,"comment_status":"open","ping_status":"closed","template":"","meta":[],"product_brand":[123],"product_cat":[199],"product_tag":[],"class_list":{"0":"post-16658","1":"product","2":"type-product","3":"status-publish","4":"has-post-thumbnail","6":"product_brand-zarok-ma","7":"product_cat-gisti","8":"product_shipping_class-bar","10":"first","11":"instock","12":"taxable","13":"shipping-taxable","14":"purchasable","15":"product-type-simple"},"_links":{"self":[{"href":"https:\/\/1milyonpirtuk.com\/ku\/wp-json\/wp\/v2\/product\/16658","targetHints":{"allow":["GET"]}}],"collection":[{"href":"https:\/\/1milyonpirtuk.com\/ku\/wp-json\/wp\/v2\/product"}],"about":[{"href":"https:\/\/1milyonpirtuk.com\/ku\/wp-json\/wp\/v2\/types\/product"}],"replies":[{"embeddable":true,"href":"https:\/\/1milyonpirtuk.com\/ku\/wp-json\/wp\/v2\/comments?post=16658"}],"version-history":[{"count":2,"href":"https:\/\/1milyonpirtuk.com\/ku\/wp-json\/wp\/v2\/product\/16658\/revisions"}],"predecessor-version":[{"id":16934,"href":"https:\/\/1milyonpirtuk.com\/ku\/wp-json\/wp\/v2\/product\/16658\/revisions\/16934"}],"wp:featuredmedia":[{"embeddable":true,"href":"https:\/\/1milyonpirtuk.com\/ku\/wp-json\/wp\/v2\/media\/12286"}],"wp:attachment":[{"href":"https:\/\/1milyonpirtuk.com\/ku\/wp-json\/wp\/v2\/media?parent=16658"}],"wp:term":[{"taxonomy":"product_brand","embeddable":true,"href":"https:\/\/1milyonpirtuk.com\/ku\/wp-json\/wp\/v2\/product_brand?post=16658"},{"taxonomy":"product_cat","embeddable":true,"href":"https:\/\/1milyonpirtuk.com\/ku\/wp-json\/wp\/v2\/product_cat?post=16658"},{"taxonomy":"product_tag","embeddable":true,"href":"https:\/\/1milyonpirtuk.com\/ku\/wp-json\/wp\/v2\/product_tag?post=16658"}],"curies":[{"name":"wp","href":"https:\/\/api.w.org\/{rel}","templated":true}]}}